{"id":37386,"date":"2023-12-06T18:37:00","date_gmt":"2023-12-06T17:37:00","guid":{"rendered":"https:\/\/ssw.solutions\/newsletter\/"},"modified":"2024-07-15T10:58:15","modified_gmt":"2024-07-15T08:58:15","slug":"newsletter","status":"publish","type":"page","link":"https:\/\/ssw.solutions\/en\/newsletter\/","title":{"rendered":"Newsletter"},"content":{"rendered":"<div class=\"form-box-wrap\"><span class=\"side-header\">Newsletter form<\/span><br \/>\n\n<div class=\"wpcf7 no-js\" id=\"wpcf7-f37388-o1\" lang=\"en-US\" dir=\"ltr\" data-wpcf7-id=\"37388\">\n<div class=\"screen-reader-response\"><p role=\"status\" aria-live=\"polite\" aria-atomic=\"true\"><\/p> <ul><\/ul><\/div>\n<form action=\"\/en\/wp-json\/wp\/v2\/pages\/37386#wpcf7-f37388-o1\" method=\"post\" class=\"wpcf7-form init\" aria-label=\"Contact form\" novalidate=\"novalidate\" data-status=\"init\">\n<fieldset class=\"hidden-fields-container\"><input type=\"hidden\" name=\"_wpcf7\" value=\"37388\" \/><input type=\"hidden\" name=\"_wpcf7_version\" value=\"6.1.5\" \/><input type=\"hidden\" name=\"_wpcf7_locale\" value=\"en_US\" \/><input type=\"hidden\" name=\"_wpcf7_unit_tag\" value=\"wpcf7-f37388-o1\" \/><input type=\"hidden\" name=\"_wpcf7_container_post\" value=\"0\" \/><input type=\"hidden\" name=\"_wpcf7_posted_data_hash\" value=\"\" \/>\n<\/fieldset>\n<div class=\"wpcf7-turnstile cf-turnstile\" data-sitekey=\"0x4AAAAAABnawTqZm8decNOZ\" data-response-field-name=\"_wpcf7_turnstile_response\"><\/div>\n\n<div class=\"row row-wrap stack-between row-cf-general\">\n<div class=\"col-half\">\n<span class=\"wpcf7-form-control-wrap\" data-name=\"imie-001\"><input size=\"40\" maxlength=\"400\" class=\"wpcf7-form-control wpcf7-text wpcf7-validates-as-required\" aria-required=\"true\" aria-invalid=\"false\" placeholder=\"*Your name\" value=\"\" type=\"text\" name=\"imie-001\" \/><\/span>\n<\/div>\n<div class=\"col-half\">\n<span class=\"wpcf7-form-control-wrap\" data-name=\"client-industry\"><input size=\"40\" maxlength=\"400\" class=\"wpcf7-form-control wpcf7-text\" aria-invalid=\"false\" placeholder=\"Your industry\" value=\"\" type=\"text\" name=\"client-industry\" \/><\/span>\n<\/div>\n<div class=\"col-full force-fullwidth\">\n<span class=\"wpcf7-form-control-wrap\" data-name=\"areas-newsletter\"><input size=\"40\" maxlength=\"400\" class=\"wpcf7-form-control wpcf7-text\" aria-invalid=\"false\" placeholder=\"Areas of interest\" value=\"\" type=\"text\" name=\"areas-newsletter\" \/><\/span>\n<\/div>\n<div class=\"col-half\">\n<span class=\"wpcf7-form-control-wrap\" data-name=\"email-002\"><input size=\"40\" maxlength=\"400\" class=\"wpcf7-form-control wpcf7-email wpcf7-validates-as-required wpcf7-text wpcf7-validates-as-email\" aria-required=\"true\" aria-invalid=\"false\" placeholder=\"*E-mail address\" value=\"\" type=\"email\" name=\"email-002\" \/><\/span>[honeypot confrm-email id:email-002d move-inline-css:true \"confirm e-mail address\"]\n<\/div>\n<div class=\"col-half\">\n<input class=\"wpcf7-form-control wpcf7-submit has-spinner pink-button-cf7\" type=\"submit\" value=\"Subscribe\" \/>\n<\/div>\n<div class=\"col-full force-fullwidth cf-accepts\">\n<aside class=\"cf-info\">\nBy clicking \u201cSubscribe\u201d, you agree to receive the newsletter from SSW companies to the email address you provided. The newsletter contains information about updates, legal alerts, products, services, training sessions, and events of SSW companies. You can withdraw your consent at any time without providing a reason by sending an email to: <a href=\"mailto:newsletter@ssw.solutions?subject=Resignation from SSW  newsletter\">newsletter@ssw.solutions<\/a>. Withdrawing your consent will not affect the lawfulness of our actions (contacting you) before the consent was withdrawn.\n\n<strong style=\"display:block;margin-bottom:8px;margin-top:20px;\">Information on the processing of personal data<\/strong>\nThe joint controllers of your personal data are the following SSW companies with their registered office in Warsaw, address: Rondo ONZ 1, 27th floor, 00-124 Warsaw:\n<ol class=\"default-list\">\n<li>SSW Spaczy\u0144ski, Szczepaniak, Wickel, Go\u017adziowska sp.k., NIP: 5252569133;<\/li>\n<li>SSW Tax sp. z o.o., NIP: 5252898144;<\/li>\n<li>SSW Advisory sp. z o.o., NIP: 5223039303;<\/li>\n<li>Greeners sp. z o.o., NIP: 5252947670.<\/li>\n<\/ol>\n\nThe joint controllers have appointed a Data Protection Officer, whom you can contact at the email address: <a href=\"mailto:privacy@ssw.solutions\">privacy@ssw.solutions<\/a>. The personal data you provide in the form will be processed for the purpose of sending you the newsletter to the email address you specified. You have the right to access your data, request its correction, deletion, restriction of processing, and object to the processing of your data. You also have the right to lodge a complaint with the President of the Personal Data Protection Office. For more information about how we process your personal data, please refer to our <a href=\"https:\/\/ssw.solutions\/en\/policy-privacy\/\" target=\"_blank\" rel=\"nofollow\">Policy privacy<\/a>.\n<\/aside>\n<\/div> \n<\/div><div class=\"wpcf7-response-output\" aria-hidden=\"true\"><\/div>\n<\/form>\n<\/div>\n<\/div>\n","protected":false},"excerpt":{"rendered":"<p>Newsletter form<\/p>\n","protected":false},"author":1,"featured_media":0,"parent":0,"menu_order":0,"comment_status":"closed","ping_status":"closed","template":"","meta":{"_acf_changed":false,"footnotes":""},"class_list":["post-37386","page","type-page","status-publish","hentry"],"acf":[],"yoast_head":"<!-- This site is optimized with the Yoast SEO Premium plugin v25.7.1 (Yoast SEO v27.3) - https:\/\/yoast.com\/product\/yoast-seo-premium-wordpress\/ -->\n<title>Newsletter<\/title>\n<meta name=\"description\" content=\"Newsletter\" \/>\n<meta name=\"robots\" content=\"index, follow, max-snippet:-1, max-image-preview:large, max-video-preview:-1\" \/>\n<link rel=\"canonical\" href=\"https:\/\/ssw.solutions\/en\/newsletter\/\" \/>\n<meta property=\"og:locale\" content=\"en_US\" \/>\n<meta property=\"og:type\" content=\"article\" \/>\n<meta property=\"og:title\" content=\"Newsletter\" \/>\n<meta property=\"og:description\" content=\"Newsletter\" \/>\n<meta property=\"og:url\" content=\"https:\/\/ssw.solutions\/en\/newsletter\/\" \/>\n<meta property=\"og:site_name\" content=\"SSW\" \/>\n<meta property=\"article:publisher\" content=\"https:\/\/www.facebook.com\/SSW-Pragmatic-Solutions-198477040912548\/\" \/>\n<meta property=\"article:modified_time\" content=\"2024-07-15T08:58:15+00:00\" \/>\n<meta property=\"og:image\" content=\"https:\/\/ssw.solutions\/wp-content\/uploads\/2024\/07\/ssw-logo-rgb-1200x675-1.png\" \/>\n\t<meta property=\"og:image:width\" content=\"1200\" \/>\n\t<meta property=\"og:image:height\" content=\"675\" \/>\n\t<meta property=\"og:image:type\" content=\"image\/png\" \/>\n<meta name=\"twitter:card\" content=\"summary_large_image\" \/>\n<meta name=\"twitter:label1\" content=\"Est. reading time\" \/>\n\t<meta name=\"twitter:data1\" content=\"1 minute\" \/>\n<script type=\"application\/ld+json\" class=\"yoast-schema-graph\">{\"@context\":\"https:\\\/\\\/schema.org\",\"@graph\":[{\"@type\":\"WebPage\",\"@id\":\"https:\\\/\\\/ssw.solutions\\\/en\\\/newsletter\\\/\",\"url\":\"https:\\\/\\\/ssw.solutions\\\/en\\\/newsletter\\\/\",\"name\":\"Newsletter\",\"isPartOf\":{\"@id\":\"https:\\\/\\\/ssw.solutions\\\/en\\\/#website\"},\"datePublished\":\"2023-12-06T17:37:00+00:00\",\"dateModified\":\"2024-07-15T08:58:15+00:00\",\"description\":\"Newsletter\",\"breadcrumb\":{\"@id\":\"https:\\\/\\\/ssw.solutions\\\/en\\\/newsletter\\\/#breadcrumb\"},\"inLanguage\":\"en-US\",\"potentialAction\":[{\"@type\":\"ReadAction\",\"target\":[\"https:\\\/\\\/ssw.solutions\\\/en\\\/newsletter\\\/\"]}]},{\"@type\":\"BreadcrumbList\",\"@id\":\"https:\\\/\\\/ssw.solutions\\\/en\\\/newsletter\\\/#breadcrumb\",\"itemListElement\":[{\"@type\":\"ListItem\",\"position\":1,\"name\":\"Strona g\u0142\u00f3wna\",\"item\":\"https:\\\/\\\/ssw.solutions\\\/en\\\/\"},{\"@type\":\"ListItem\",\"position\":2,\"name\":\"Newsletter\"}]},{\"@type\":\"WebSite\",\"@id\":\"https:\\\/\\\/ssw.solutions\\\/en\\\/#website\",\"url\":\"https:\\\/\\\/ssw.solutions\\\/en\\\/\",\"name\":\"SSW\",\"description\":\"SSW to po\u0142\u0105czenie wiedzy, do\u015bwiadczenia i profesjonalizmu. Stawiamy na pasj\u0119 i r\u00f3\u017cnorodno\u015b\u0107 oraz talenty.\",\"publisher\":{\"@id\":\"https:\\\/\\\/ssw.solutions\\\/en\\\/#organization\"},\"alternateName\":\"SSW\",\"potentialAction\":[{\"@type\":\"SearchAction\",\"target\":{\"@type\":\"EntryPoint\",\"urlTemplate\":\"https:\\\/\\\/ssw.solutions\\\/en\\\/?s={search_term_string}\"},\"query-input\":{\"@type\":\"PropertyValueSpecification\",\"valueRequired\":true,\"valueName\":\"search_term_string\"}}],\"inLanguage\":\"en-US\"},{\"@type\":\"Organization\",\"@id\":\"https:\\\/\\\/ssw.solutions\\\/en\\\/#organization\",\"name\":\"SSW Spaczy\u0144ski, Szczepaniak, Wickel, Go\u017adziowska sp.k.\",\"alternateName\":\"SSW\",\"url\":\"https:\\\/\\\/ssw.solutions\\\/en\\\/\",\"logo\":{\"@type\":\"ImageObject\",\"inLanguage\":\"en-US\",\"@id\":\"https:\\\/\\\/ssw.solutions\\\/en\\\/#\\\/schema\\\/logo\\\/image\\\/\",\"url\":\"https:\\\/\\\/ssw.solutions\\\/wp-content\\\/uploads\\\/2024\\\/07\\\/ssw-logo-rgb.png\",\"contentUrl\":\"https:\\\/\\\/ssw.solutions\\\/wp-content\\\/uploads\\\/2024\\\/07\\\/ssw-logo-rgb.png\",\"width\":2481,\"height\":2481,\"caption\":\"SSW Spaczy\u0144ski, Szczepaniak, Wickel, Go\u017adziowska sp.k.\"},\"image\":{\"@id\":\"https:\\\/\\\/ssw.solutions\\\/en\\\/#\\\/schema\\\/logo\\\/image\\\/\"},\"sameAs\":[\"https:\\\/\\\/www.facebook.com\\\/SSW-Pragmatic-Solutions-198477040912548\\\/\",\"https:\\\/\\\/www.linkedin.com\\\/company\\\/1356327\\\/\",\"https:\\\/\\\/www.youtube.com\\\/channel\\\/UCJSyuGORhen_7VBZ2pC7h5Q\"]}]}<\/script>\n<!-- \/ Yoast SEO Premium plugin. -->","yoast_head_json":{"title":"Newsletter","description":"Newsletter","robots":{"index":"index","follow":"follow","max-snippet":"max-snippet:-1","max-image-preview":"max-image-preview:large","max-video-preview":"max-video-preview:-1"},"canonical":"https:\/\/ssw.solutions\/en\/newsletter\/","og_locale":"en_US","og_type":"article","og_title":"Newsletter","og_description":"Newsletter","og_url":"https:\/\/ssw.solutions\/en\/newsletter\/","og_site_name":"SSW","article_publisher":"https:\/\/www.facebook.com\/SSW-Pragmatic-Solutions-198477040912548\/","article_modified_time":"2024-07-15T08:58:15+00:00","og_image":[{"width":1200,"height":675,"url":"https:\/\/ssw.solutions\/wp-content\/uploads\/2024\/07\/ssw-logo-rgb-1200x675-1.png","type":"image\/png"}],"twitter_card":"summary_large_image","twitter_misc":{"Est. reading time":"1 minute"},"schema":{"@context":"https:\/\/schema.org","@graph":[{"@type":"WebPage","@id":"https:\/\/ssw.solutions\/en\/newsletter\/","url":"https:\/\/ssw.solutions\/en\/newsletter\/","name":"Newsletter","isPartOf":{"@id":"https:\/\/ssw.solutions\/en\/#website"},"datePublished":"2023-12-06T17:37:00+00:00","dateModified":"2024-07-15T08:58:15+00:00","description":"Newsletter","breadcrumb":{"@id":"https:\/\/ssw.solutions\/en\/newsletter\/#breadcrumb"},"inLanguage":"en-US","potentialAction":[{"@type":"ReadAction","target":["https:\/\/ssw.solutions\/en\/newsletter\/"]}]},{"@type":"BreadcrumbList","@id":"https:\/\/ssw.solutions\/en\/newsletter\/#breadcrumb","itemListElement":[{"@type":"ListItem","position":1,"name":"Strona g\u0142\u00f3wna","item":"https:\/\/ssw.solutions\/en\/"},{"@type":"ListItem","position":2,"name":"Newsletter"}]},{"@type":"WebSite","@id":"https:\/\/ssw.solutions\/en\/#website","url":"https:\/\/ssw.solutions\/en\/","name":"SSW","description":"SSW to po\u0142\u0105czenie wiedzy, do\u015bwiadczenia i profesjonalizmu. Stawiamy na pasj\u0119 i r\u00f3\u017cnorodno\u015b\u0107 oraz talenty.","publisher":{"@id":"https:\/\/ssw.solutions\/en\/#organization"},"alternateName":"SSW","potentialAction":[{"@type":"SearchAction","target":{"@type":"EntryPoint","urlTemplate":"https:\/\/ssw.solutions\/en\/?s={search_term_string}"},"query-input":{"@type":"PropertyValueSpecification","valueRequired":true,"valueName":"search_term_string"}}],"inLanguage":"en-US"},{"@type":"Organization","@id":"https:\/\/ssw.solutions\/en\/#organization","name":"SSW Spaczy\u0144ski, Szczepaniak, Wickel, Go\u017adziowska sp.k.","alternateName":"SSW","url":"https:\/\/ssw.solutions\/en\/","logo":{"@type":"ImageObject","inLanguage":"en-US","@id":"https:\/\/ssw.solutions\/en\/#\/schema\/logo\/image\/","url":"https:\/\/ssw.solutions\/wp-content\/uploads\/2024\/07\/ssw-logo-rgb.png","contentUrl":"https:\/\/ssw.solutions\/wp-content\/uploads\/2024\/07\/ssw-logo-rgb.png","width":2481,"height":2481,"caption":"SSW Spaczy\u0144ski, Szczepaniak, Wickel, Go\u017adziowska sp.k."},"image":{"@id":"https:\/\/ssw.solutions\/en\/#\/schema\/logo\/image\/"},"sameAs":["https:\/\/www.facebook.com\/SSW-Pragmatic-Solutions-198477040912548\/","https:\/\/www.linkedin.com\/company\/1356327\/","https:\/\/www.youtube.com\/channel\/UCJSyuGORhen_7VBZ2pC7h5Q"]}]}},"_links":{"self":[{"href":"https:\/\/ssw.solutions\/en\/wp-json\/wp\/v2\/pages\/37386","targetHints":{"allow":["GET"]}}],"collection":[{"href":"https:\/\/ssw.solutions\/en\/wp-json\/wp\/v2\/pages"}],"about":[{"href":"https:\/\/ssw.solutions\/en\/wp-json\/wp\/v2\/types\/page"}],"author":[{"embeddable":true,"href":"https:\/\/ssw.solutions\/en\/wp-json\/wp\/v2\/users\/1"}],"replies":[{"embeddable":true,"href":"https:\/\/ssw.solutions\/en\/wp-json\/wp\/v2\/comments?post=37386"}],"version-history":[{"count":0,"href":"https:\/\/ssw.solutions\/en\/wp-json\/wp\/v2\/pages\/37386\/revisions"}],"wp:attachment":[{"href":"https:\/\/ssw.solutions\/en\/wp-json\/wp\/v2\/media?parent=37386"}],"curies":[{"name":"wp","href":"https:\/\/api.w.org\/{rel}","templated":true}]}}