{"id":1658,"date":"2023-10-18T20:42:19","date_gmt":"2023-10-18T18:42:19","guid":{"rendered":"https:\/\/ssw.solutions\/inspektor-ochrony-danych\/"},"modified":"2025-06-02T10:49:11","modified_gmt":"2025-06-02T08:49:11","slug":"inspektor-ochrony-danych","status":"publish","type":"page","link":"https:\/\/ssw.solutions\/en\/inspektor-ochrony-danych\/","title":{"rendered":"Data Protection Officer"},"content":{"rendered":"<p>Please be advised that Mr Filip Je\u017cowski has been appointed for the position of Data Protection Officer at SSW Spaczy\u0144ski, Szczepaniak, Wickel, Go\u017adziowska sp.k.<\/p>\n<p style=\"text-align: left;\">You may contact our Data Protection Officer:<\/p>\n<ul>\n<li style=\"text-align: left;\">via dedicated e-mail adres: <a href=\"mailto:privacy@ssw.solutions\">privacy@ssw.solutions<\/a><\/li>\n<li style=\"text-align: left;\">via traditional post send to SSW Spaczy\u0144ski, Szczepaniak, Wickel, Go\u017adziowska sp.k.,<br \/>\nRondo ONZ 1, 27th floor, 01-124 Warsaw<\/li>\n<\/ul>\n","protected":false},"excerpt":{"rendered":"<p>Please be advised that Mr Filip Je\u017cowski has been appointed for the position of Data Protection Officer at SSW Spaczy\u0144ski, Szczepaniak, Wickel, Go\u017adziowska sp.k. You may contact our Data Protection Officer: via dedicated e-mail adres: privacy@ssw.solutions via traditional post send to SSW Spaczy\u0144ski, Szczepaniak, Wickel, Go\u017adziowska sp.k., Rondo ONZ 1, 27th floor, 01-124 Warsaw<\/p>\n","protected":false},"author":2,"featured_media":0,"parent":0,"menu_order":0,"comment_status":"closed","ping_status":"closed","template":"","meta":{"_acf_changed":false,"footnotes":""},"class_list":["post-1658","page","type-page","status-publish","hentry"],"acf":[],"yoast_head":"<!-- This site is optimized with the Yoast SEO Premium plugin v25.7.1 (Yoast SEO v27.3) - https:\/\/yoast.com\/product\/yoast-seo-premium-wordpress\/ -->\n<title>Data Protection Officer<\/title>\n<meta name=\"robots\" content=\"index, follow, max-snippet:-1, max-image-preview:large, max-video-preview:-1\" \/>\n<link rel=\"canonical\" href=\"https:\/\/ssw.solutions\/en\/inspektor-ochrony-danych\/\" \/>\n<meta property=\"og:locale\" content=\"en_US\" \/>\n<meta property=\"og:type\" content=\"article\" \/>\n<meta property=\"og:title\" content=\"Data Protection Officer\" \/>\n<meta property=\"og:description\" content=\"Please be advised that Mr Filip Je\u017cowski has been appointed for the position of Data Protection Officer at SSW Spaczy\u0144ski, Szczepaniak, Wickel, Go\u017adziowska sp.k. You may contact our Data Protection Officer: via dedicated e-mail adres: privacy@ssw.solutions via traditional post send to SSW Spaczy\u0144ski, Szczepaniak, Wickel, Go\u017adziowska sp.k., Rondo ONZ 1, 27th floor, 01-124 Warsaw\" \/>\n<meta property=\"og:url\" content=\"https:\/\/ssw.solutions\/en\/inspektor-ochrony-danych\/\" \/>\n<meta property=\"og:site_name\" content=\"SSW\" \/>\n<meta property=\"article:publisher\" content=\"https:\/\/www.facebook.com\/SSW-Pragmatic-Solutions-198477040912548\/\" \/>\n<meta property=\"article:modified_time\" content=\"2025-06-02T08:49:11+00:00\" \/>\n<meta property=\"og:image\" content=\"https:\/\/ssw.solutions\/wp-content\/uploads\/2024\/07\/ssw-logo-rgb-1200x675-1.png\" \/>\n\t<meta property=\"og:image:width\" content=\"1200\" \/>\n\t<meta property=\"og:image:height\" content=\"675\" \/>\n\t<meta property=\"og:image:type\" content=\"image\/png\" \/>\n<meta name=\"twitter:card\" content=\"summary_large_image\" \/>\n<meta name=\"twitter:label1\" content=\"Est. reading time\" \/>\n\t<meta name=\"twitter:data1\" content=\"1 minute\" \/>\n<script type=\"application\/ld+json\" class=\"yoast-schema-graph\">{\"@context\":\"https:\\\/\\\/schema.org\",\"@graph\":[{\"@type\":\"WebPage\",\"@id\":\"https:\\\/\\\/ssw.solutions\\\/en\\\/inspektor-ochrony-danych\\\/\",\"url\":\"https:\\\/\\\/ssw.solutions\\\/en\\\/inspektor-ochrony-danych\\\/\",\"name\":\"Data Protection Officer\",\"isPartOf\":{\"@id\":\"https:\\\/\\\/ssw.solutions\\\/en\\\/#website\"},\"datePublished\":\"2023-10-18T18:42:19+00:00\",\"dateModified\":\"2025-06-02T08:49:11+00:00\",\"breadcrumb\":{\"@id\":\"https:\\\/\\\/ssw.solutions\\\/en\\\/inspektor-ochrony-danych\\\/#breadcrumb\"},\"inLanguage\":\"en-US\",\"potentialAction\":[{\"@type\":\"ReadAction\",\"target\":[\"https:\\\/\\\/ssw.solutions\\\/en\\\/inspektor-ochrony-danych\\\/\"]}]},{\"@type\":\"BreadcrumbList\",\"@id\":\"https:\\\/\\\/ssw.solutions\\\/en\\\/inspektor-ochrony-danych\\\/#breadcrumb\",\"itemListElement\":[{\"@type\":\"ListItem\",\"position\":1,\"name\":\"Strona g\u0142\u00f3wna\",\"item\":\"https:\\\/\\\/ssw.solutions\\\/en\\\/\"},{\"@type\":\"ListItem\",\"position\":2,\"name\":\"Data Protection Officer\"}]},{\"@type\":\"WebSite\",\"@id\":\"https:\\\/\\\/ssw.solutions\\\/en\\\/#website\",\"url\":\"https:\\\/\\\/ssw.solutions\\\/en\\\/\",\"name\":\"SSW\",\"description\":\"SSW to po\u0142\u0105czenie wiedzy, do\u015bwiadczenia i profesjonalizmu. Stawiamy na pasj\u0119 i r\u00f3\u017cnorodno\u015b\u0107 oraz talenty.\",\"publisher\":{\"@id\":\"https:\\\/\\\/ssw.solutions\\\/en\\\/#organization\"},\"alternateName\":\"SSW\",\"potentialAction\":[{\"@type\":\"SearchAction\",\"target\":{\"@type\":\"EntryPoint\",\"urlTemplate\":\"https:\\\/\\\/ssw.solutions\\\/en\\\/?s={search_term_string}\"},\"query-input\":{\"@type\":\"PropertyValueSpecification\",\"valueRequired\":true,\"valueName\":\"search_term_string\"}}],\"inLanguage\":\"en-US\"},{\"@type\":\"Organization\",\"@id\":\"https:\\\/\\\/ssw.solutions\\\/en\\\/#organization\",\"name\":\"SSW Spaczy\u0144ski, Szczepaniak, Wickel, Go\u017adziowska sp.k.\",\"alternateName\":\"SSW\",\"url\":\"https:\\\/\\\/ssw.solutions\\\/en\\\/\",\"logo\":{\"@type\":\"ImageObject\",\"inLanguage\":\"en-US\",\"@id\":\"https:\\\/\\\/ssw.solutions\\\/en\\\/#\\\/schema\\\/logo\\\/image\\\/\",\"url\":\"https:\\\/\\\/ssw.solutions\\\/wp-content\\\/uploads\\\/2024\\\/07\\\/ssw-logo-rgb.png\",\"contentUrl\":\"https:\\\/\\\/ssw.solutions\\\/wp-content\\\/uploads\\\/2024\\\/07\\\/ssw-logo-rgb.png\",\"width\":2481,\"height\":2481,\"caption\":\"SSW Spaczy\u0144ski, Szczepaniak, Wickel, Go\u017adziowska sp.k.\"},\"image\":{\"@id\":\"https:\\\/\\\/ssw.solutions\\\/en\\\/#\\\/schema\\\/logo\\\/image\\\/\"},\"sameAs\":[\"https:\\\/\\\/www.facebook.com\\\/SSW-Pragmatic-Solutions-198477040912548\\\/\",\"https:\\\/\\\/www.linkedin.com\\\/company\\\/1356327\\\/\",\"https:\\\/\\\/www.youtube.com\\\/channel\\\/UCJSyuGORhen_7VBZ2pC7h5Q\"]}]}<\/script>\n<!-- \/ Yoast SEO Premium plugin. -->","yoast_head_json":{"title":"Data Protection Officer","robots":{"index":"index","follow":"follow","max-snippet":"max-snippet:-1","max-image-preview":"max-image-preview:large","max-video-preview":"max-video-preview:-1"},"canonical":"https:\/\/ssw.solutions\/en\/inspektor-ochrony-danych\/","og_locale":"en_US","og_type":"article","og_title":"Data Protection Officer","og_description":"Please be advised that Mr Filip Je\u017cowski has been appointed for the position of Data Protection Officer at SSW Spaczy\u0144ski, Szczepaniak, Wickel, Go\u017adziowska sp.k. You may contact our Data Protection Officer: via dedicated e-mail adres: privacy@ssw.solutions via traditional post send to SSW Spaczy\u0144ski, Szczepaniak, Wickel, Go\u017adziowska sp.k., Rondo ONZ 1, 27th floor, 01-124 Warsaw","og_url":"https:\/\/ssw.solutions\/en\/inspektor-ochrony-danych\/","og_site_name":"SSW","article_publisher":"https:\/\/www.facebook.com\/SSW-Pragmatic-Solutions-198477040912548\/","article_modified_time":"2025-06-02T08:49:11+00:00","og_image":[{"width":1200,"height":675,"url":"https:\/\/ssw.solutions\/wp-content\/uploads\/2024\/07\/ssw-logo-rgb-1200x675-1.png","type":"image\/png"}],"twitter_card":"summary_large_image","twitter_misc":{"Est. reading time":"1 minute"},"schema":{"@context":"https:\/\/schema.org","@graph":[{"@type":"WebPage","@id":"https:\/\/ssw.solutions\/en\/inspektor-ochrony-danych\/","url":"https:\/\/ssw.solutions\/en\/inspektor-ochrony-danych\/","name":"Data Protection Officer","isPartOf":{"@id":"https:\/\/ssw.solutions\/en\/#website"},"datePublished":"2023-10-18T18:42:19+00:00","dateModified":"2025-06-02T08:49:11+00:00","breadcrumb":{"@id":"https:\/\/ssw.solutions\/en\/inspektor-ochrony-danych\/#breadcrumb"},"inLanguage":"en-US","potentialAction":[{"@type":"ReadAction","target":["https:\/\/ssw.solutions\/en\/inspektor-ochrony-danych\/"]}]},{"@type":"BreadcrumbList","@id":"https:\/\/ssw.solutions\/en\/inspektor-ochrony-danych\/#breadcrumb","itemListElement":[{"@type":"ListItem","position":1,"name":"Strona g\u0142\u00f3wna","item":"https:\/\/ssw.solutions\/en\/"},{"@type":"ListItem","position":2,"name":"Data Protection Officer"}]},{"@type":"WebSite","@id":"https:\/\/ssw.solutions\/en\/#website","url":"https:\/\/ssw.solutions\/en\/","name":"SSW","description":"SSW to po\u0142\u0105czenie wiedzy, do\u015bwiadczenia i profesjonalizmu. Stawiamy na pasj\u0119 i r\u00f3\u017cnorodno\u015b\u0107 oraz talenty.","publisher":{"@id":"https:\/\/ssw.solutions\/en\/#organization"},"alternateName":"SSW","potentialAction":[{"@type":"SearchAction","target":{"@type":"EntryPoint","urlTemplate":"https:\/\/ssw.solutions\/en\/?s={search_term_string}"},"query-input":{"@type":"PropertyValueSpecification","valueRequired":true,"valueName":"search_term_string"}}],"inLanguage":"en-US"},{"@type":"Organization","@id":"https:\/\/ssw.solutions\/en\/#organization","name":"SSW Spaczy\u0144ski, Szczepaniak, Wickel, Go\u017adziowska sp.k.","alternateName":"SSW","url":"https:\/\/ssw.solutions\/en\/","logo":{"@type":"ImageObject","inLanguage":"en-US","@id":"https:\/\/ssw.solutions\/en\/#\/schema\/logo\/image\/","url":"https:\/\/ssw.solutions\/wp-content\/uploads\/2024\/07\/ssw-logo-rgb.png","contentUrl":"https:\/\/ssw.solutions\/wp-content\/uploads\/2024\/07\/ssw-logo-rgb.png","width":2481,"height":2481,"caption":"SSW Spaczy\u0144ski, Szczepaniak, Wickel, Go\u017adziowska sp.k."},"image":{"@id":"https:\/\/ssw.solutions\/en\/#\/schema\/logo\/image\/"},"sameAs":["https:\/\/www.facebook.com\/SSW-Pragmatic-Solutions-198477040912548\/","https:\/\/www.linkedin.com\/company\/1356327\/","https:\/\/www.youtube.com\/channel\/UCJSyuGORhen_7VBZ2pC7h5Q"]}]}},"_links":{"self":[{"href":"https:\/\/ssw.solutions\/en\/wp-json\/wp\/v2\/pages\/1658","targetHints":{"allow":["GET"]}}],"collection":[{"href":"https:\/\/ssw.solutions\/en\/wp-json\/wp\/v2\/pages"}],"about":[{"href":"https:\/\/ssw.solutions\/en\/wp-json\/wp\/v2\/types\/page"}],"author":[{"embeddable":true,"href":"https:\/\/ssw.solutions\/en\/wp-json\/wp\/v2\/users\/2"}],"replies":[{"embeddable":true,"href":"https:\/\/ssw.solutions\/en\/wp-json\/wp\/v2\/comments?post=1658"}],"version-history":[{"count":0,"href":"https:\/\/ssw.solutions\/en\/wp-json\/wp\/v2\/pages\/1658\/revisions"}],"wp:attachment":[{"href":"https:\/\/ssw.solutions\/en\/wp-json\/wp\/v2\/media?parent=1658"}],"curies":[{"name":"wp","href":"https:\/\/api.w.org\/{rel}","templated":true}]}}