{"id":30,"date":"2019-10-18T14:00:45","date_gmt":"2019-10-18T12:00:45","guid":{"rendered":"https:\/\/ssw.solutions\/blog\/taxpresso\/?page_id=30"},"modified":"2025-08-27T10:55:26","modified_gmt":"2025-08-27T08:55:26","slug":"polityka-prywatnosci","status":"publish","type":"page","link":"https:\/\/ssw.solutions\/blog\/taxpresso\/polityka-prywatnosci\/","title":{"rendered":"Polityka prywatno\u015bci"},"content":{"rendered":"<h2>1. Czym s\u0105 pliki cookies?<\/h2>\n<p>Pliki cookies (tzw. \u201eciasteczka\u201d) to niewielkie pliki tekstowe zapisywane na urz\u0105dzeniu u\u017cytkownika (komputerze, smartfonie itp.) podczas przegl\u0105dania stron internetowych. S\u0142u\u017c\u0105 do rozpoznawania urz\u0105dzenia u\u017cytkownika, zapami\u0119tywania jego preferencji i gromadzenia danych statystycznych.<\/p>\n<h2>2. Dlaczego u\u017cywamy plik\u00f3w cookies?<\/h2>\n<p>Pliki cookies wykorzystujemy w celu:<\/p>\n<ul>\n<li>zapewnienia prawid\u0142owego dzia\u0142ania serwisu,<\/li>\n<li>poprawy komfortu korzystania ze strony (np. zapami\u0119tywanie ustawie\u0144),<\/li>\n<li>analizy ruchu na stronie (np. za pomoc\u0105 Google Analytics),<\/li>\n<li>prowadzenia dzia\u0142a\u0144 marketingowych (je\u015bli dotyczy).<\/li>\n<\/ul>\n<h2>3. Rodzaje plik\u00f3w cookies, kt\u00f3re stosujemy<\/h2>\n<p>Na naszej stronie mog\u0105 by\u0107 u\u017cywane:<\/p>\n<ul>\n<li>Cookies niezb\u0119dne \u2013 umo\u017cliwiaj\u0105ce prawid\u0142owe funkcjonowanie strony,<\/li>\n<li>Cookies analityczne \u2013 pomagaj\u0105 zrozumie\u0107, w jaki spos\u00f3b u\u017cytkownicy korzystaj\u0105 z witryny,<\/li>\n<li>Cookies funkcjonalne \u2013 zapami\u0119tuj\u0105ce preferencje u\u017cytkownika,<\/li>\n<li>Cookies marketingowe \u2013 wykorzystywane do personalizacji reklam (je\u015bli stosowane).<\/li>\n<\/ul>\n<h2>4. Zarz\u0105dzanie cookies<\/h2>\n<p>Podczas pierwszej wizyty na naszej stronie wy\u015bwietlamy komunikat dotycz\u0105cy plik\u00f3w cookies. Mo\u017cesz zaakceptowa\u0107 wszystkie pliki cookies lub dostosowa\u0107 swoje ustawienia. W ka\u017cdej chwili mo\u017cesz zmieni\u0107 swoje ustawienia dotycz\u0105ce cookies w przegl\u0105darce internetowej lub usun\u0105\u0107 zapisane pliki cookies.<\/p>\n<h2>5. Dane osobowe a cookies<\/h2>\n<p>W niekt\u00f3rych przypadkach cookies mog\u0105 wi\u0105za\u0107 si\u0119 z przetwarzaniem danych osobowych. W takich przypadkach administratorem danych jest [nazwa firmy \/ instytucji] z siedzib\u0105 w [adres], a zasady przetwarzania danych reguluje nasza Polityka prywatno\u015bci (link do polityki).<\/p>\n<h2>6. Zmiany w Polityce Cookies<\/h2>\n<p>Zastrzegamy sobie prawo do wprowadzania zmian w niniejszej Polityce Cookies. Aktualna wersja zawsze dost\u0119pna jest na naszej stronie internetowej.<\/p>\n","protected":false},"excerpt":{"rendered":"<p>1. Czym s\u0105 pliki cookies? Pliki cookies (tzw. \u201eciasteczka\u201d) to niewielkie pliki tekstowe zapisywane na urz\u0105dzeniu u\u017cytkownika (komputerze, smartfonie itp.) podczas przegl\u0105dania stron internetowych. S\u0142u\u017c\u0105 do rozpoznawania urz\u0105dzenia u\u017cytkownika, zapami\u0119tywania jego preferencji i gromadzenia danych statystycznych. 2. Dlaczego u\u017cywamy plik\u00f3w cookies? Pliki cookies wykorzystujemy w celu: zapewnienia prawid\u0142owego dzia\u0142ania serwisu, poprawy komfortu korzystania ze strony [&hellip;]<\/p>\n","protected":false},"author":1,"featured_media":0,"parent":0,"menu_order":0,"comment_status":"closed","ping_status":"closed","template":"","meta":{"_acf_changed":false,"footnotes":""},"class_list":["post-30","page","type-page","status-publish","hentry"],"acf":[],"_links":{"self":[{"href":"https:\/\/ssw.solutions\/blog\/taxpresso\/wp-json\/wp\/v2\/pages\/30","targetHints":{"allow":["GET"]}}],"collection":[{"href":"https:\/\/ssw.solutions\/blog\/taxpresso\/wp-json\/wp\/v2\/pages"}],"about":[{"href":"https:\/\/ssw.solutions\/blog\/taxpresso\/wp-json\/wp\/v2\/types\/page"}],"author":[{"embeddable":true,"href":"https:\/\/ssw.solutions\/blog\/taxpresso\/wp-json\/wp\/v2\/users\/1"}],"replies":[{"embeddable":true,"href":"https:\/\/ssw.solutions\/blog\/taxpresso\/wp-json\/wp\/v2\/comments?post=30"}],"version-history":[{"count":5,"href":"https:\/\/ssw.solutions\/blog\/taxpresso\/wp-json\/wp\/v2\/pages\/30\/revisions"}],"predecessor-version":[{"id":57,"href":"https:\/\/ssw.solutions\/blog\/taxpresso\/wp-json\/wp\/v2\/pages\/30\/revisions\/57"}],"wp:attachment":[{"href":"https:\/\/ssw.solutions\/blog\/taxpresso\/wp-json\/wp\/v2\/media?parent=30"}],"curies":[{"name":"wp","href":"https:\/\/api.w.org\/{rel}","templated":true}]}}